{"id":1370,"date":"2025-01-21T13:20:14","date_gmt":"2025-01-21T13:20:14","guid":{"rendered":"https:\/\/caballerodeluz.com\/?page_id=1370"},"modified":"2025-02-28T23:39:06","modified_gmt":"2025-02-28T23:39:06","slug":"la-travesia-del-caballero","status":"publish","type":"page","link":"https:\/\/caballerodeluz.com\/en\/la-travesia-del-caballero\/","title":{"rendered":"LA TRAVES\u00cdA DEL CABALLERO"},"content":{"rendered":"<div data-elementor-type=\"wp-page\" data-elementor-id=\"1370\" class=\"elementor elementor-1370\" data-elementor-post-type=\"page\">\n\t\t\t\t<div class=\"elementor-element elementor-element-1b2c3ec e-flex e-con-boxed e-con e-parent\" data-id=\"1b2c3ec\" data-element_type=\"container\" data-settings=\"{&quot;background_background&quot;:&quot;classic&quot;}\">\n\t\t\t\t\t<div class=\"e-con-inner\">\n\t\t\t\t<div class=\"elementor-element elementor-element-94528fd elementor-widget elementor-widget-heading\" data-id=\"94528fd\" data-element_type=\"widget\" data-widget_type=\"heading.default\">\n\t\t\t\t<div class=\"elementor-widget-container\">\n\t\t\t\t\t<h2 class=\"elementor-heading-title elementor-size-default\">Crafting Process<\/h2>\t\t\t\t<\/div>\n\t\t\t\t<\/div>\n\t\t\t\t\t<\/div>\n\t\t\t\t<\/div>\n\t\t<div class=\"elementor-element elementor-element-a4688f5 e-flex e-con-boxed e-con e-parent\" data-id=\"a4688f5\" data-element_type=\"container\" data-settings=\"{&quot;background_background&quot;:&quot;classic&quot;}\">\n\t\t\t\t\t<div class=\"e-con-inner\">\n\t\t<div class=\"elementor-element elementor-element-e3ccdcf e-con-full e-flex e-con e-child\" data-id=\"e3ccdcf\" data-element_type=\"container\">\n\t\t\t\t<div class=\"elementor-element elementor-element-3e6183b elementor-widget-mobile__width-inherit elementor-widget elementor-widget-image\" data-id=\"3e6183b\" data-element_type=\"widget\" data-widget_type=\"image.default\">\n\t\t\t\t<div class=\"elementor-widget-container\">\n\t\t\t\t\t\t\t\t\t\t\t\t\t\t\t<img fetchpriority=\"high\" decoding=\"async\" width=\"2560\" height=\"1709\" src=\"https:\/\/caballerodeluz.com\/wp-content\/uploads\/2024\/12\/MEZCAL-515325818-scaled.jpeg\" class=\"attachment-full size-full wp-image-493\" alt=\"\" srcset=\"https:\/\/caballerodeluz.com\/wp-content\/uploads\/2024\/12\/MEZCAL-515325818-scaled.jpeg 2560w, https:\/\/caballerodeluz.com\/wp-content\/uploads\/2024\/12\/MEZCAL-515325818-300x200.jpeg 300w, https:\/\/caballerodeluz.com\/wp-content\/uploads\/2024\/12\/MEZCAL-515325818-1024x683.jpeg 1024w, https:\/\/caballerodeluz.com\/wp-content\/uploads\/2024\/12\/MEZCAL-515325818-768x513.jpeg 768w, https:\/\/caballerodeluz.com\/wp-content\/uploads\/2024\/12\/MEZCAL-515325818-1536x1025.jpeg 1536w, https:\/\/caballerodeluz.com\/wp-content\/uploads\/2024\/12\/MEZCAL-515325818-2048x1367.jpeg 2048w, https:\/\/caballerodeluz.com\/wp-content\/uploads\/2024\/12\/MEZCAL-515325818-600x400.jpeg 600w\" sizes=\"(max-width: 2560px) 100vw, 2560px\" \/>\t\t\t\t\t\t\t\t\t\t\t\t\t\t\t<\/div>\n\t\t\t\t<\/div>\n\t\t\t\t<\/div>\n\t\t<div class=\"elementor-element elementor-element-e06ec74 e-con-full e-flex e-con e-child\" data-id=\"e06ec74\" data-element_type=\"container\">\n\t\t\t\t<div class=\"elementor-element elementor-element-7e5eafa elementor-widget elementor-widget-text-editor\" data-id=\"7e5eafa\" data-element_type=\"widget\" data-widget_type=\"text-editor.default\">\n\t\t\t\t<div class=\"elementor-widget-container\">\n\t\t\t\t\t\t\t\t\t<p>Every bottle of Caballero de Luz is the result of an artisanal journey that honors the deep roots of Oaxaca and the richness of its agaves. Our process reflects a deep respect for nature, tradition, and patience.<\/p><p>Our commitment is to capture the very essence of mezcal in every drop and share it with the world as a truly unique experience.<\/p><p><span style=\"font-style: inherit; font-weight: inherit;\">Each step of this handcrafted process ensures a mezcal with unparalleled quality, a rich complexity of flavors, and an authentic connection to its origins.<\/span><\/p>\t\t\t\t\t\t\t\t<\/div>\n\t\t\t\t<\/div>\n\t\t\t\t<\/div>\n\t\t\t\t\t<\/div>\n\t\t\t\t<\/div>\n\t\t<div class=\"elementor-element elementor-element-b041747 e-flex e-con-boxed e-con e-parent\" data-id=\"b041747\" data-element_type=\"container\" data-settings=\"{&quot;background_background&quot;:&quot;classic&quot;}\">\n\t\t\t\t\t<div class=\"e-con-inner\">\n\t\t<div class=\"elementor-element elementor-element-e9d53c6 e-con-full e-flex e-con e-child\" data-id=\"e9d53c6\" data-element_type=\"container\">\n\t\t<div class=\"elementor-element elementor-element-608bf3c e-con-full e-flex e-con e-child\" data-id=\"608bf3c\" data-element_type=\"container\">\n\t\t\t\t<div class=\"elementor-element elementor-element-c4782e4 elementor-widget elementor-widget-image\" data-id=\"c4782e4\" data-element_type=\"widget\" data-widget_type=\"image.default\">\n\t\t\t\t<div class=\"elementor-widget-container\">\n\t\t\t\t\t\t\t\t\t\t\t\t\t\t\t<img decoding=\"async\" width=\"500\" height=\"500\" src=\"https:\/\/caballerodeluz.com\/wp-content\/uploads\/2025\/01\/15-2.png\" class=\"attachment-large size-large wp-image-1571\" alt=\"\" srcset=\"https:\/\/caballerodeluz.com\/wp-content\/uploads\/2025\/01\/15-2.png 500w, https:\/\/caballerodeluz.com\/wp-content\/uploads\/2025\/01\/15-2-300x300.png 300w, https:\/\/caballerodeluz.com\/wp-content\/uploads\/2025\/01\/15-2-150x150.png 150w, https:\/\/caballerodeluz.com\/wp-content\/uploads\/2025\/01\/15-2-100x100.png 100w\" sizes=\"(max-width: 500px) 100vw, 500px\" \/>\t\t\t\t\t\t\t\t\t\t\t\t\t\t\t<\/div>\n\t\t\t\t<\/div>\n\t\t\t\t<div class=\"elementor-element elementor-element-05f1ea1 elementor-widget elementor-widget-text-editor\" data-id=\"05f1ea1\" data-element_type=\"widget\" data-widget_type=\"text-editor.default\">\n\t\t\t\t<div class=\"elementor-widget-container\">\n\t\t\t\t\t\t\t\t\tState:<br>\nOaxaca\t\t\t\t\t\t\t\t<\/div>\n\t\t\t\t<\/div>\n\t\t\t\t<\/div>\n\t\t\t\t<\/div>\n\t\t<div class=\"elementor-element elementor-element-5af0aa0 e-con-full e-flex e-con e-child\" data-id=\"5af0aa0\" data-element_type=\"container\">\n\t\t<div class=\"elementor-element elementor-element-187000e e-con-full e-flex e-con e-child\" data-id=\"187000e\" data-element_type=\"container\">\n\t\t\t\t<div class=\"elementor-element elementor-element-32bc9d7 elementor-widget elementor-widget-image\" data-id=\"32bc9d7\" data-element_type=\"widget\" data-widget_type=\"image.default\">\n\t\t\t\t<div class=\"elementor-widget-container\">\n\t\t\t\t\t\t\t\t\t\t\t\t\t\t\t<img decoding=\"async\" width=\"500\" height=\"500\" src=\"https:\/\/caballerodeluz.com\/wp-content\/uploads\/2025\/01\/14-2.png\" class=\"attachment-large size-large wp-image-1569\" alt=\"\" srcset=\"https:\/\/caballerodeluz.com\/wp-content\/uploads\/2025\/01\/14-2.png 500w, https:\/\/caballerodeluz.com\/wp-content\/uploads\/2025\/01\/14-2-300x300.png 300w, https:\/\/caballerodeluz.com\/wp-content\/uploads\/2025\/01\/14-2-150x150.png 150w, https:\/\/caballerodeluz.com\/wp-content\/uploads\/2025\/01\/14-2-100x100.png 100w\" sizes=\"(max-width: 500px) 100vw, 500px\" \/>\t\t\t\t\t\t\t\t\t\t\t\t\t\t\t<\/div>\n\t\t\t\t<\/div>\n\t\t\t\t<div class=\"elementor-element elementor-element-2d98593 elementor-widget elementor-widget-text-editor\" data-id=\"2d98593\" data-element_type=\"widget\" data-widget_type=\"text-editor.default\">\n\t\t\t\t<div class=\"elementor-widget-container\">\n\t\t\t\t\t\t\t\t\tTown:<br>\nSan Dionisio Ocotepec\t\t\t\t\t\t\t\t<\/div>\n\t\t\t\t<\/div>\n\t\t\t\t<\/div>\n\t\t\t\t<\/div>\n\t\t<div class=\"elementor-element elementor-element-a34cea2 e-con-full e-flex e-con e-child\" data-id=\"a34cea2\" data-element_type=\"container\">\n\t\t<div class=\"elementor-element elementor-element-fe08f30 e-con-full e-flex e-con e-child\" data-id=\"fe08f30\" data-element_type=\"container\">\n\t\t\t\t<div class=\"elementor-element elementor-element-21f68cb elementor-widget elementor-widget-image\" data-id=\"21f68cb\" data-element_type=\"widget\" data-widget_type=\"image.default\">\n\t\t\t\t<div class=\"elementor-widget-container\">\n\t\t\t\t\t\t\t\t\t\t\t\t\t\t\t<img loading=\"lazy\" decoding=\"async\" width=\"500\" height=\"500\" src=\"https:\/\/caballerodeluz.com\/wp-content\/uploads\/2025\/01\/12-3.png\" class=\"attachment-large size-large wp-image-1568\" alt=\"\" srcset=\"https:\/\/caballerodeluz.com\/wp-content\/uploads\/2025\/01\/12-3.png 500w, https:\/\/caballerodeluz.com\/wp-content\/uploads\/2025\/01\/12-3-300x300.png 300w, https:\/\/caballerodeluz.com\/wp-content\/uploads\/2025\/01\/12-3-150x150.png 150w, https:\/\/caballerodeluz.com\/wp-content\/uploads\/2025\/01\/12-3-100x100.png 100w\" sizes=\"(max-width: 500px) 100vw, 500px\" \/>\t\t\t\t\t\t\t\t\t\t\t\t\t\t\t<\/div>\n\t\t\t\t<\/div>\n\t\t\t\t<div class=\"elementor-element elementor-element-325b625 elementor-widget elementor-widget-text-editor\" data-id=\"325b625\" data-element_type=\"widget\" data-widget_type=\"text-editor.default\">\n\t\t\t\t<div class=\"elementor-widget-container\">\n\t\t\t\t\t\t\t\t\t<span class=\"OYPEnA font-feature-liga-off font-feature-clig-off font-feature-calt-off text-decoration-none text-strikethrough-none\">Agave Varieties Used:<br> Tepeztate &amp; Espad\u00edn (among others)<\/span>\t\t\t\t\t\t\t\t<\/div>\n\t\t\t\t<\/div>\n\t\t\t\t<\/div>\n\t\t\t\t<\/div>\n\t\t<div class=\"elementor-element elementor-element-bcc5fe8 e-con-full e-flex e-con e-child\" data-id=\"bcc5fe8\" data-element_type=\"container\">\n\t\t<div class=\"elementor-element elementor-element-c1181c4 e-con-full e-flex e-con e-child\" data-id=\"c1181c4\" data-element_type=\"container\">\n\t\t\t\t<div class=\"elementor-element elementor-element-dc05308 elementor-widget elementor-widget-image\" data-id=\"dc05308\" data-element_type=\"widget\" data-widget_type=\"image.default\">\n\t\t\t\t<div class=\"elementor-widget-container\">\n\t\t\t\t\t\t\t\t\t\t\t\t\t\t\t<img loading=\"lazy\" decoding=\"async\" width=\"500\" height=\"500\" src=\"https:\/\/caballerodeluz.com\/wp-content\/uploads\/2025\/02\/Diseno-sin-titulo-33.png\" class=\"attachment-large size-large wp-image-2360\" alt=\"\" srcset=\"https:\/\/caballerodeluz.com\/wp-content\/uploads\/2025\/02\/Diseno-sin-titulo-33.png 500w, https:\/\/caballerodeluz.com\/wp-content\/uploads\/2025\/02\/Diseno-sin-titulo-33-300x300.png 300w, https:\/\/caballerodeluz.com\/wp-content\/uploads\/2025\/02\/Diseno-sin-titulo-33-150x150.png 150w, https:\/\/caballerodeluz.com\/wp-content\/uploads\/2025\/02\/Diseno-sin-titulo-33-100x100.png 100w\" sizes=\"(max-width: 500px) 100vw, 500px\" \/>\t\t\t\t\t\t\t\t\t\t\t\t\t\t\t<\/div>\n\t\t\t\t<\/div>\n\t\t\t\t<div class=\"elementor-element elementor-element-44f0b57 elementor-widget elementor-widget-text-editor\" data-id=\"44f0b57\" data-element_type=\"widget\" data-widget_type=\"text-editor.default\">\n\t\t\t\t<div class=\"elementor-widget-container\">\n\t\t\t\t\t\t\t\t\t<span class=\"OYPEnA font-feature-liga-off font-feature-clig-off font-feature-calt-off text-decoration-none text-strikethrough-none\">Maturation Time:<br> <\/span>\n<span class=\"OYPEnA font-feature-liga-off font-feature-clig-off font-feature-calt-off text-decoration-none text-strikethrough-none\">Up to 25 years<\/span>\t\t\t\t\t\t\t\t<\/div>\n\t\t\t\t<\/div>\n\t\t\t\t<\/div>\n\t\t\t\t<\/div>\n\t\t\t\t\t<\/div>\n\t\t\t\t<\/div>\n\t\t<div class=\"elementor-element elementor-element-098f421 e-flex e-con-boxed e-con e-parent\" data-id=\"098f421\" data-element_type=\"container\" data-settings=\"{&quot;background_background&quot;:&quot;classic&quot;}\">\n\t\t\t\t\t<div class=\"e-con-inner\">\n\t\t<div class=\"elementor-element elementor-element-d003131 e-con-full e-flex e-con e-child\" data-id=\"d003131\" data-element_type=\"container\">\n\t\t\t\t<div class=\"elementor-element elementor-element-da6796d elementor-widget elementor-widget-image\" data-id=\"da6796d\" data-element_type=\"widget\" data-widget_type=\"image.default\">\n\t\t\t\t<div class=\"elementor-widget-container\">\n\t\t\t\t\t\t\t\t\t\t\t\t\t\t\t<img loading=\"lazy\" decoding=\"async\" width=\"500\" height=\"500\" src=\"https:\/\/caballerodeluz.com\/wp-content\/uploads\/2025\/01\/11.png\" class=\"attachment-large size-large wp-image-1548\" alt=\"\" srcset=\"https:\/\/caballerodeluz.com\/wp-content\/uploads\/2025\/01\/11.png 500w, https:\/\/caballerodeluz.com\/wp-content\/uploads\/2025\/01\/11-300x300.png 300w, https:\/\/caballerodeluz.com\/wp-content\/uploads\/2025\/01\/11-150x150.png 150w, https:\/\/caballerodeluz.com\/wp-content\/uploads\/2025\/01\/11-100x100.png 100w\" sizes=\"(max-width: 500px) 100vw, 500px\" \/>\t\t\t\t\t\t\t\t\t\t\t\t\t\t\t<\/div>\n\t\t\t\t<\/div>\n\t\t\t\t<div class=\"elementor-element elementor-element-a454f54 elementor-widget elementor-widget-text-editor\" data-id=\"a454f54\" data-element_type=\"widget\" data-widget_type=\"text-editor.default\">\n\t\t\t\t<div class=\"elementor-widget-container\">\n\t\t\t\t\t\t\t\t\tOven:<br>\nVolcanic stone conical pit\t\t\t\t\t\t\t\t<\/div>\n\t\t\t\t<\/div>\n\t\t\t\t<\/div>\n\t\t<div class=\"elementor-element elementor-element-7846e45 e-con-full e-flex e-con e-child\" data-id=\"7846e45\" data-element_type=\"container\">\n\t\t\t\t<div class=\"elementor-element elementor-element-a6034e0 elementor-widget elementor-widget-image\" data-id=\"a6034e0\" data-element_type=\"widget\" data-widget_type=\"image.default\">\n\t\t\t\t<div class=\"elementor-widget-container\">\n\t\t\t\t\t\t\t\t\t\t\t\t\t\t\t<img loading=\"lazy\" decoding=\"async\" width=\"500\" height=\"500\" src=\"https:\/\/caballerodeluz.com\/wp-content\/uploads\/2025\/01\/8.png\" class=\"attachment-large size-large wp-image-1452\" alt=\"\" srcset=\"https:\/\/caballerodeluz.com\/wp-content\/uploads\/2025\/01\/8.png 500w, https:\/\/caballerodeluz.com\/wp-content\/uploads\/2025\/01\/8-300x300.png 300w, https:\/\/caballerodeluz.com\/wp-content\/uploads\/2025\/01\/8-150x150.png 150w, https:\/\/caballerodeluz.com\/wp-content\/uploads\/2025\/01\/8-100x100.png 100w\" sizes=\"(max-width: 500px) 100vw, 500px\" \/>\t\t\t\t\t\t\t\t\t\t\t\t\t\t\t<\/div>\n\t\t\t\t<\/div>\n\t\t\t\t<div class=\"elementor-element elementor-element-a9cc611 elementor-widget elementor-widget-text-editor\" data-id=\"a9cc611\" data-element_type=\"widget\" data-widget_type=\"text-editor.default\">\n\t\t\t\t<div class=\"elementor-widget-container\">\n\t\t\t\t\t\t\t\t\tMilling:<br>\nTraditional stone tahona\t\t\t\t\t\t\t\t<\/div>\n\t\t\t\t<\/div>\n\t\t\t\t<\/div>\n\t\t<div class=\"elementor-element elementor-element-9593612 e-con-full e-flex e-con e-child\" data-id=\"9593612\" data-element_type=\"container\">\n\t\t\t\t<div class=\"elementor-element elementor-element-6b690c6 elementor-widget elementor-widget-image\" data-id=\"6b690c6\" data-element_type=\"widget\" data-widget_type=\"image.default\">\n\t\t\t\t<div class=\"elementor-widget-container\">\n\t\t\t\t\t\t\t\t\t\t\t\t\t\t\t<img loading=\"lazy\" decoding=\"async\" width=\"500\" height=\"500\" src=\"https:\/\/caballerodeluz.com\/wp-content\/uploads\/2025\/01\/10.png\" class=\"attachment-large size-large wp-image-1549\" alt=\"\" srcset=\"https:\/\/caballerodeluz.com\/wp-content\/uploads\/2025\/01\/10.png 500w, https:\/\/caballerodeluz.com\/wp-content\/uploads\/2025\/01\/10-300x300.png 300w, https:\/\/caballerodeluz.com\/wp-content\/uploads\/2025\/01\/10-150x150.png 150w, https:\/\/caballerodeluz.com\/wp-content\/uploads\/2025\/01\/10-100x100.png 100w\" sizes=\"(max-width: 500px) 100vw, 500px\" \/>\t\t\t\t\t\t\t\t\t\t\t\t\t\t\t<\/div>\n\t\t\t\t<\/div>\n\t\t\t\t<div class=\"elementor-element elementor-element-77a1a51 elementor-widget elementor-widget-text-editor\" data-id=\"77a1a51\" data-element_type=\"widget\" data-widget_type=\"text-editor.default\">\n\t\t\t\t<div class=\"elementor-widget-container\">\n\t\t\t\t\t\t\t\t\tFermentation:<br>\nOak wood vats\t\t\t\t\t\t\t\t<\/div>\n\t\t\t\t<\/div>\n\t\t\t\t<\/div>\n\t\t<div class=\"elementor-element elementor-element-87fd235 e-con-full e-flex e-con e-child\" data-id=\"87fd235\" data-element_type=\"container\">\n\t\t\t\t<div class=\"elementor-element elementor-element-e56d45e elementor-widget elementor-widget-image\" data-id=\"e56d45e\" data-element_type=\"widget\" data-widget_type=\"image.default\">\n\t\t\t\t<div class=\"elementor-widget-container\">\n\t\t\t\t\t\t\t\t\t\t\t\t\t\t\t<img loading=\"lazy\" decoding=\"async\" width=\"500\" height=\"500\" src=\"https:\/\/caballerodeluz.com\/wp-content\/uploads\/2025\/01\/9-2.png\" class=\"attachment-large size-large wp-image-1553\" alt=\"\" srcset=\"https:\/\/caballerodeluz.com\/wp-content\/uploads\/2025\/01\/9-2.png 500w, https:\/\/caballerodeluz.com\/wp-content\/uploads\/2025\/01\/9-2-300x300.png 300w, https:\/\/caballerodeluz.com\/wp-content\/uploads\/2025\/01\/9-2-150x150.png 150w, https:\/\/caballerodeluz.com\/wp-content\/uploads\/2025\/01\/9-2-100x100.png 100w\" sizes=\"(max-width: 500px) 100vw, 500px\" \/>\t\t\t\t\t\t\t\t\t\t\t\t\t\t\t<\/div>\n\t\t\t\t<\/div>\n\t\t\t\t<div class=\"elementor-element elementor-element-6a84221 elementor-widget elementor-widget-text-editor\" data-id=\"6a84221\" data-element_type=\"widget\" data-widget_type=\"text-editor.default\">\n\t\t\t\t<div class=\"elementor-widget-container\">\n\t\t\t\t\t\t\t\t\tDistillation:<br>\nCopper still (double distillation)\t\t\t\t\t\t\t\t<\/div>\n\t\t\t\t<\/div>\n\t\t\t\t<\/div>\n\t\t\t\t\t<\/div>\n\t\t\t\t<\/div>\n\t\t\t\t<\/div>","protected":false},"excerpt":{"rendered":"<p>Proceso de elaboraci\u00f3n Cada botella de Caballero de Luz es el resultado de una traves\u00eda artesanal que honra las ra\u00edces [&hellip;]<\/p>","protected":false},"author":1,"featured_media":0,"parent":0,"menu_order":0,"comment_status":"closed","ping_status":"closed","template":"","meta":{"site-sidebar-layout":"default","site-content-layout":"","ast-site-content-layout":"","site-content-style":"default","site-sidebar-style":"default","ast-global-header-display":"","ast-banner-title-visibility":"","ast-main-header-display":"","ast-hfb-above-header-display":"","ast-hfb-below-header-display":"","ast-hfb-mobile-header-display":"","site-post-title":"","ast-breadcrumbs-content":"","ast-featured-img":"","footer-sml-layout":"","theme-transparent-header-meta":"","adv-header-id-meta":"","stick-header-meta":"","header-above-stick-meta":"","header-main-stick-meta":"","header-below-stick-meta":"","astra-migrate-meta-layouts":"default","ast-page-background-enabled":"default","ast-page-background-meta":{"desktop":{"background-color":"var(--ast-global-color-4)","background-image":"","background-repeat":"repeat","background-position":"center center","background-size":"auto","background-attachment":"scroll","background-type":"","background-media":"","overlay-type":"","overlay-color":"","overlay-opacity":"","overlay-gradient":""},"tablet":{"background-color":"","background-image":"","background-repeat":"repeat","background-position":"center center","background-size":"auto","background-attachment":"scroll","background-type":"","background-media":"","overlay-type":"","overlay-color":"","overlay-opacity":"","overlay-gradient":""},"mobile":{"background-color":"","background-image":"","background-repeat":"repeat","background-position":"center center","background-size":"auto","background-attachment":"scroll","background-type":"","background-media":"","overlay-type":"","overlay-color":"","overlay-opacity":"","overlay-gradient":""}},"ast-content-background-meta":{"desktop":{"background-color":"var(--ast-global-color-5)","background-image":"","background-repeat":"repeat","background-position":"center center","background-size":"auto","background-attachment":"scroll","background-type":"","background-media":"","overlay-type":"","overlay-color":"","overlay-opacity":"","overlay-gradient":""},"tablet":{"background-color":"var(--ast-global-color-5)","background-image":"","background-repeat":"repeat","background-position":"center center","background-size":"auto","background-attachment":"scroll","background-type":"","background-media":"","overlay-type":"","overlay-color":"","overlay-opacity":"","overlay-gradient":""},"mobile":{"background-color":"var(--ast-global-color-5)","background-image":"","background-repeat":"repeat","background-position":"center center","background-size":"auto","background-attachment":"scroll","background-type":"","background-media":"","overlay-type":"","overlay-color":"","overlay-opacity":"","overlay-gradient":""}},"footnotes":""},"class_list":["post-1370","page","type-page","status-publish","hentry"],"aioseo_notices":[],"_links":{"self":[{"href":"https:\/\/caballerodeluz.com\/en\/wp-json\/wp\/v2\/pages\/1370","targetHints":{"allow":["GET"]}}],"collection":[{"href":"https:\/\/caballerodeluz.com\/en\/wp-json\/wp\/v2\/pages"}],"about":[{"href":"https:\/\/caballerodeluz.com\/en\/wp-json\/wp\/v2\/types\/page"}],"author":[{"embeddable":true,"href":"https:\/\/caballerodeluz.com\/en\/wp-json\/wp\/v2\/users\/1"}],"replies":[{"embeddable":true,"href":"https:\/\/caballerodeluz.com\/en\/wp-json\/wp\/v2\/comments?post=1370"}],"version-history":[{"count":223,"href":"https:\/\/caballerodeluz.com\/en\/wp-json\/wp\/v2\/pages\/1370\/revisions"}],"predecessor-version":[{"id":3567,"href":"https:\/\/caballerodeluz.com\/en\/wp-json\/wp\/v2\/pages\/1370\/revisions\/3567"}],"wp:attachment":[{"href":"https:\/\/caballerodeluz.com\/en\/wp-json\/wp\/v2\/media?parent=1370"}],"curies":[{"name":"wp","href":"https:\/\/api.w.org\/{rel}","templated":true}]}}